{"id":99,"date":"2017-04-30T18:12:38","date_gmt":"2017-04-30T18:12:38","guid":{"rendered":"http:\/\/wedzinski.com\/?page_id=99"},"modified":"2022-08-17T12:34:16","modified_gmt":"2022-08-17T12:34:16","slug":"strony-responsywne-mobilne","status":"publish","type":"page","link":"https:\/\/www.wedzinski.com\/pl\/oferta\/strony-internetowe\/strony-responsywne-mobilne\/","title":{"rendered":"Strony responsywne mobilne"},"content":{"rendered":"<p><strong>Technologia rozwija si\u0119 w niezwykle szybkim tempie, o czym mo\u017ce si\u0119 przekona\u0107 ka\u017cdy z nas. W ci\u0105gu kilku lat nast\u0119puj\u0105 naprawd\u0119 drastyczne zmiany, kt\u00f3re cz\u0119sto nie s\u0105 nawet szczeg\u00f3lnie zauwa\u017cane przez przeci\u0119tnych u\u017cytkownik\u00f3w sieci. Je\u015bli jednak chodzi o strony internetowe, a raczej o to przy pomocy jakich urz\u0105dze\u0144 na co dzie\u0144 z nich korzystamy, zmiany s\u0105 na tyle du\u017ce, \u017ce wymuszaj\u0105 zastosowanie przez tw\u00f3rc\u00f3w stron zupe\u0142nie nowych rozwi\u0105za\u0144.<\/strong><\/p>\n<h2>Co to jest responsywna strona internetowa?<\/h2>\n<p>Responsywna strona internetowa to taka, kt\u00f3rej uk\u0142ad jest w stanie automatycznie dopasowa\u0107 si\u0119 do wielko\u015bci ekranu urz\u0105dzenia, na jakim jest wy\u015bwietlana. Wszystkie tre\u015bci znajduj\u0105ce si\u0119 na stronie, skaluj\u0105 si\u0119 w zwi\u0105zku z tym w taki spos\u00f3b, by ich odbi\u00f3r nie sprawia\u0142 u\u017cytkownikowi \u017cadnych k\u0142opot\u00f3w. Mo\u017cna zatem powiedzie\u0107, \u017ce maj\u0105 one bardzo uniwersalny charakter.<\/p>\n<h2>Dlaczego strony responsywne to obecnie konieczno\u015b\u0107?<\/h2>\n<p>Urz\u0105dzenia mobilne, takie jak smartfony czy tablety, sprawi\u0142y, \u017ce przegl\u0105danie stron internetowych nie jest ju\u017c czynno\u015bci\u0105 wykonywan\u0105 wy\u0142\u0105cznie przy pomocy komputera. Co wi\u0119cej, statystyki jasno pokazuj\u0105, \u017ce liczba u\u017cytkownik\u00f3w korzystaj\u0105cych z sieci, w\u0142a\u015bnie poprzez urz\u0105dzenia mobilne, w niesamowicie szybkim tempie wzrasta z roku na rok.<\/p>\n<p>Jak podaje Gemius, jeszcze w 2013 roku, Polacy wykonywali a\u017c 91% ods\u0142on w Internecie korzystaj\u0105c z komputer\u00f3w czy laptop\u00f3w. Ods\u0142ony generowane przez telefony stanowi\u0142y nieco ponad 6%, a te na tabletach 1,6%. Rok 2017 przyni\u00f3s\u0142 ju\u017c jednak znacz\u0105ce zmiany. Ods\u0142ony na komputera stanowi\u0142y bowiem ju\u017c tylko 47%, natomiast te wykonywane na smartfonach wzros\u0142y a\u017c do niemal 46%, a te na tabletach do 3,2%.<\/p>\n<p>Jak zatem wida\u0107, je\u017celi chcemy dotrze\u0107 do jak najwi\u0119kszej liczby u\u017cytkownik\u00f3w, musimy si\u0119 odpowiednio do tego przygotowa\u0107. Stworzenie strony responsywnej, kt\u00f3ra b\u0119dzie im zapewnia\u0142a wygod\u0119 korzystania z naszego serwisu na dowolnym urz\u0105dzeniu, wydaje si\u0119 by\u0107 w tym przypadku absolutn\u0105 podstaw\u0105.<\/p>\n<p>Bardzo istotne jest tak\u017ce to, \u017ce strony responsywne s\u0105 zdecydowanie lepiej postrzegane i wspierane przez Google. Oznacza to zatem, \u017ce serwisy oparte na nowej architekturze b\u0119d\u0105 osi\u0105ga\u0107 lepsze pozycje w wyszukiwarce. <a href=\"https:\/\/www.wedzinski.com\/pl\/skoda-plichta-torun-lubicz-opinie-forum\/\">Skoda plichta Toru\u0144 opinie<\/a><\/p>\n<h2>Strona responsywna a strona mobilna<\/h2>\n<p>Wielu osobom wydaje si\u0119, \u017ce strona mobilna i responsywna to dok\u0142adnie to samo. Nic bardziej mylnego. Czym zatem r\u00f3\u017cni\u0105 si\u0119 one mi\u0119dzy sob\u0105?<\/p>\n<p>Strona mobilna jest tworzone wy\u0142\u0105cznie na potrzeby urz\u0105dze\u0144 mobilnych i stanowi wersj\u0119 \u201elight\u201d konkretnej strony internetowej. W zwi\u0105zku z tym, zwykle zawarte zostaj\u0105 na niej jedynie najwa\u017cniejsze informacje, a grafika jest nieco uproszczona. Co bardzo wa\u017cne strony mobilne maj\u0105 te\u017c troch\u0119 inny adres, kt\u00f3ry w wi\u0119kszo\u015bci przypadk\u00f3w posiada dodatkow\u0105, charakterystyczn\u0105 ju\u017c literk\u0119 \u2018m\u2019.<\/p>\n<p>Po co nam jednak strona mobilna, je\u015bli mo\u017cemy od razu stworzy\u0107 stron\u0119 responsywn\u0105? Takie rozwi\u0105zanie jest przydatne w sytuacji, gdy posiadamy ju\u017c rozbudow\u0105 stron\u0119 internetow\u0105. Jej kompletna przebudowa mog\u0142aby si\u0119 wi\u0105za\u0107 z ogromnymi kosztami, dlatego lepszym wyj\u015bciem mo\u017ce by\u0107 stworzenie jej wersji \u2018light\u2019.<\/p>\n","protected":false},"excerpt":{"rendered":"<p>Technologia rozwija si\u0119 w niezwykle szybkim tempie, o czym mo\u017ce si\u0119 przekona\u0107 ka\u017cdy z nas. W ci\u0105gu kilku lat nast\u0119puj\u0105 naprawd\u0119 drastyczne zmiany, kt\u00f3re cz\u0119sto nie s\u0105 nawet szczeg\u00f3lnie zauwa\u017cane przez przeci\u0119tnych u\u017cytkownik\u00f3w sieci. Je\u015bli jednak chodzi o strony internetowe, a raczej o to przy pomocy jakich urz\u0105dze\u0144 na co dzie\u0144 z nich korzystamy, zmiany [&hellip;]<\/p>\n","protected":false},"author":1,"featured_media":0,"parent":80,"menu_order":2,"comment_status":"closed","ping_status":"closed","template":"","meta":[],"yoast_head":"<!-- This site is optimized with the Yoast SEO plugin v17.4 - https:\/\/yoast.com\/wordpress\/plugins\/seo\/ -->\n<title>Strony responsywne mobilne - wedzinski.com<\/title>\n<meta name=\"robots\" content=\"index, follow, max-snippet:-1, max-image-preview:large, max-video-preview:-1\" \/>\n<link rel=\"canonical\" href=\"https:\/\/www.wedzinski.com\/pl\/oferta\/strony-internetowe\/strony-responsywne-mobilne\/\" \/>\n<meta property=\"og:locale\" content=\"pl_PL\" \/>\n<meta property=\"og:type\" content=\"article\" \/>\n<meta property=\"og:title\" content=\"Strony responsywne mobilne - wedzinski.com\" \/>\n<meta property=\"og:description\" content=\"Technologia rozwija si\u0119 w niezwykle szybkim tempie, o czym mo\u017ce si\u0119 przekona\u0107 ka\u017cdy z nas. W ci\u0105gu kilku lat nast\u0119puj\u0105 naprawd\u0119 drastyczne zmiany, kt\u00f3re cz\u0119sto nie s\u0105 nawet szczeg\u00f3lnie zauwa\u017cane przez przeci\u0119tnych u\u017cytkownik\u00f3w sieci. Je\u015bli jednak chodzi o strony internetowe, a raczej o to przy pomocy jakich urz\u0105dze\u0144 na co dzie\u0144 z nich korzystamy, zmiany [&hellip;]\" \/>\n<meta property=\"og:url\" content=\"https:\/\/www.wedzinski.com\/pl\/oferta\/strony-internetowe\/strony-responsywne-mobilne\/\" \/>\n<meta property=\"og:site_name\" content=\"wedzinski.com\" \/>\n<meta property=\"article:modified_time\" content=\"2022-08-17T12:34:16+00:00\" \/>\n<meta name=\"twitter:card\" content=\"summary\" \/>\n<meta name=\"twitter:site\" content=\"@wedzinski_com\" \/>\n<meta name=\"twitter:label1\" content=\"Szacowany czas czytania\" \/>\n\t<meta name=\"twitter:data1\" content=\"3 minuty\" \/>\n<script type=\"application\/ld+json\" class=\"yoast-schema-graph\">{\"@context\":\"https:\/\/schema.org\",\"@graph\":[{\"@type\":\"WebSite\",\"@id\":\"https:\/\/www.wedzinski.com\/pl\/#website\",\"url\":\"https:\/\/www.wedzinski.com\/pl\/\",\"name\":\"wedzinski.com\",\"description\":\"Strony internetowe, sklepy, reklama, seo, pozycjonowanie\",\"potentialAction\":[{\"@type\":\"SearchAction\",\"target\":{\"@type\":\"EntryPoint\",\"urlTemplate\":\"https:\/\/www.wedzinski.com\/pl\/?s={search_term_string}\"},\"query-input\":\"required name=search_term_string\"}],\"inLanguage\":\"pl-PL\"},{\"@type\":\"WebPage\",\"@id\":\"https:\/\/www.wedzinski.com\/pl\/oferta\/strony-internetowe\/strony-responsywne-mobilne\/#webpage\",\"url\":\"https:\/\/www.wedzinski.com\/pl\/oferta\/strony-internetowe\/strony-responsywne-mobilne\/\",\"name\":\"Strony responsywne mobilne - wedzinski.com\",\"isPartOf\":{\"@id\":\"https:\/\/www.wedzinski.com\/pl\/#website\"},\"datePublished\":\"2017-04-30T18:12:38+00:00\",\"dateModified\":\"2022-08-17T12:34:16+00:00\",\"breadcrumb\":{\"@id\":\"https:\/\/www.wedzinski.com\/pl\/oferta\/strony-internetowe\/strony-responsywne-mobilne\/#breadcrumb\"},\"inLanguage\":\"pl-PL\",\"potentialAction\":[{\"@type\":\"ReadAction\",\"target\":[\"https:\/\/www.wedzinski.com\/pl\/oferta\/strony-internetowe\/strony-responsywne-mobilne\/\"]}]},{\"@type\":\"BreadcrumbList\",\"@id\":\"https:\/\/www.wedzinski.com\/pl\/oferta\/strony-internetowe\/strony-responsywne-mobilne\/#breadcrumb\",\"itemListElement\":[{\"@type\":\"ListItem\",\"position\":1,\"name\":\"Strona g\\u0142\\u00f3wna\",\"item\":\"https:\/\/www.wedzinski.com\/pl\/\"},{\"@type\":\"ListItem\",\"position\":2,\"name\":\"Oferta\",\"item\":\"https:\/\/www.wedzinski.com\/pl\/oferta\/\"},{\"@type\":\"ListItem\",\"position\":3,\"name\":\"Strony internetowe\",\"item\":\"https:\/\/www.wedzinski.com\/pl\/oferta\/strony-internetowe\/\"},{\"@type\":\"ListItem\",\"position\":4,\"name\":\"Strony responsywne mobilne\"}]}]}<\/script>\n<!-- \/ Yoast SEO plugin. -->","yoast_head_json":{"title":"Strony responsywne mobilne - wedzinski.com","robots":{"index":"index","follow":"follow","max-snippet":"max-snippet:-1","max-image-preview":"max-image-preview:large","max-video-preview":"max-video-preview:-1"},"canonical":"https:\/\/www.wedzinski.com\/pl\/oferta\/strony-internetowe\/strony-responsywne-mobilne\/","og_locale":"pl_PL","og_type":"article","og_title":"Strony responsywne mobilne - wedzinski.com","og_description":"Technologia rozwija si\u0119 w niezwykle szybkim tempie, o czym mo\u017ce si\u0119 przekona\u0107 ka\u017cdy z nas. W ci\u0105gu kilku lat nast\u0119puj\u0105 naprawd\u0119 drastyczne zmiany, kt\u00f3re cz\u0119sto nie s\u0105 nawet szczeg\u00f3lnie zauwa\u017cane przez przeci\u0119tnych u\u017cytkownik\u00f3w sieci. Je\u015bli jednak chodzi o strony internetowe, a raczej o to przy pomocy jakich urz\u0105dze\u0144 na co dzie\u0144 z nich korzystamy, zmiany [&hellip;]","og_url":"https:\/\/www.wedzinski.com\/pl\/oferta\/strony-internetowe\/strony-responsywne-mobilne\/","og_site_name":"wedzinski.com","article_modified_time":"2022-08-17T12:34:16+00:00","twitter_card":"summary","twitter_site":"@wedzinski_com","twitter_misc":{"Szacowany czas czytania":"3 minuty"},"schema":{"@context":"https:\/\/schema.org","@graph":[{"@type":"WebSite","@id":"https:\/\/www.wedzinski.com\/pl\/#website","url":"https:\/\/www.wedzinski.com\/pl\/","name":"wedzinski.com","description":"Strony internetowe, sklepy, reklama, seo, pozycjonowanie","potentialAction":[{"@type":"SearchAction","target":{"@type":"EntryPoint","urlTemplate":"https:\/\/www.wedzinski.com\/pl\/?s={search_term_string}"},"query-input":"required name=search_term_string"}],"inLanguage":"pl-PL"},{"@type":"WebPage","@id":"https:\/\/www.wedzinski.com\/pl\/oferta\/strony-internetowe\/strony-responsywne-mobilne\/#webpage","url":"https:\/\/www.wedzinski.com\/pl\/oferta\/strony-internetowe\/strony-responsywne-mobilne\/","name":"Strony responsywne mobilne - wedzinski.com","isPartOf":{"@id":"https:\/\/www.wedzinski.com\/pl\/#website"},"datePublished":"2017-04-30T18:12:38+00:00","dateModified":"2022-08-17T12:34:16+00:00","breadcrumb":{"@id":"https:\/\/www.wedzinski.com\/pl\/oferta\/strony-internetowe\/strony-responsywne-mobilne\/#breadcrumb"},"inLanguage":"pl-PL","potentialAction":[{"@type":"ReadAction","target":["https:\/\/www.wedzinski.com\/pl\/oferta\/strony-internetowe\/strony-responsywne-mobilne\/"]}]},{"@type":"BreadcrumbList","@id":"https:\/\/www.wedzinski.com\/pl\/oferta\/strony-internetowe\/strony-responsywne-mobilne\/#breadcrumb","itemListElement":[{"@type":"ListItem","position":1,"name":"Strona g\u0142\u00f3wna","item":"https:\/\/www.wedzinski.com\/pl\/"},{"@type":"ListItem","position":2,"name":"Oferta","item":"https:\/\/www.wedzinski.com\/pl\/oferta\/"},{"@type":"ListItem","position":3,"name":"Strony internetowe","item":"https:\/\/www.wedzinski.com\/pl\/oferta\/strony-internetowe\/"},{"@type":"ListItem","position":4,"name":"Strony responsywne mobilne"}]}]}},"_links":{"self":[{"href":"https:\/\/www.wedzinski.com\/pl\/wp-json\/wp\/v2\/pages\/99\/"}],"collection":[{"href":"https:\/\/www.wedzinski.com\/pl\/wp-json\/wp\/v2\/pages\/"}],"about":[{"href":"https:\/\/www.wedzinski.com\/pl\/wp-json\/wp\/v2\/types\/page\/"}],"author":[{"embeddable":true,"href":"https:\/\/www.wedzinski.com\/pl\/wp-json\/wp\/v2\/users\/1\/"}],"replies":[{"embeddable":true,"href":"https:\/\/www.wedzinski.com\/pl\/wp-json\/wp\/v2\/comments\/?post=99"}],"version-history":[{"count":4,"href":"https:\/\/www.wedzinski.com\/pl\/wp-json\/wp\/v2\/pages\/99\/revisions\/"}],"predecessor-version":[{"id":1246,"href":"https:\/\/www.wedzinski.com\/pl\/wp-json\/wp\/v2\/pages\/99\/revisions\/1246\/"}],"up":[{"embeddable":true,"href":"https:\/\/www.wedzinski.com\/pl\/wp-json\/wp\/v2\/pages\/80\/"}],"wp:attachment":[{"href":"https:\/\/www.wedzinski.com\/pl\/wp-json\/wp\/v2\/media\/?parent=99"}],"curies":[{"name":"wp","href":"https:\/\/api.w.org\/{rel}","templated":true}]}}