{"id":85,"date":"2017-04-30T16:51:11","date_gmt":"2017-04-30T16:51:11","guid":{"rendered":"http:\/\/wedzinski.com\/?page_id=85"},"modified":"2018-05-13T11:31:55","modified_gmt":"2018-05-13T11:31:55","slug":"druk","status":"publish","type":"page","link":"https:\/\/www.wedzinski.com\/pl\/oferta\/druk\/","title":{"rendered":"Druk"},"content":{"rendered":"<div class=\"vc_row wpb_row vc_row-fluid\"><div class=\"podstrona-wstep wpb_column vc_column_container vc_col-sm-12\"><div class=\"vc_column-inner \"><div class=\"wpb_wrapper\">\n\t<div class=\"wpb_text_column wpb_content_element \" >\n\t\t<div class=\"wpb_wrapper\">\n\t\t\t<h2 style=\"text-align: center;\">Wyr\u00f3\u017cnij si\u0119 z t\u0142umu<br \/>\n<strong>Profesjonalnym projektem<\/strong><\/h2>\n<p><img loading=\"lazy\" class=\"aligncenter wp-image-360 size-large\" src=\"https:\/\/www.wedzinski.com\/wp-content\/uploads\/2017\/09\/mockupy2-kapral-teczka-1024x749.jpg\" alt=\"Materia\u0142y graficzne, teczka, wizyt\u00f3wki dla firmy Kapral-Car\" width=\"1024\" height=\"749\" srcset=\"https:\/\/www.wedzinski.com\/wp-content\/uploads\/2017\/09\/mockupy2-kapral-teczka-1024x749.jpg 1024w, https:\/\/www.wedzinski.com\/wp-content\/uploads\/2017\/09\/mockupy2-kapral-teczka-300x220.jpg 300w, https:\/\/www.wedzinski.com\/wp-content\/uploads\/2017\/09\/mockupy2-kapral-teczka-768x562.jpg 768w, https:\/\/www.wedzinski.com\/wp-content\/uploads\/2017\/09\/mockupy2-kapral-teczka.jpg 1200w\" sizes=\"(max-width: 1024px) 100vw, 1024px\" \/><\/p>\n\n\t\t<\/div>\n\t<\/div>\n<div class=\"vc_row wpb_row vc_inner vc_row-fluid\"><div class=\"wpb_column vc_column_container vc_col-sm-8 vc_col-md-offset-2\"><div class=\"vc_column-inner \"><div class=\"wpb_wrapper\">\n\t<div class=\"wpb_text_column wpb_content_element \" >\n\t\t<div class=\"wpb_wrapper\">\n\t\t\t<h4>Aby dotrze\u0107 do klienta 'zwyk\u0142\u0105&#8217; ulotka nie mo\u017ce by\u0107 ona zwyk\u0142a.<\/h4>\n<p>Projektowanie ulotek, plakat\u00f3w wbrew pozorom jest zaj\u0119ciem trudnym. Spo\u015br\u00f3d ton ulotek, plakat\u00f3w zalewaj\u0105cych miasta bardzo wa\u017cne by wyr\u00f3\u017cni\u0107 si\u0119 spo\u015br\u00f3d tego t\u0142umu. Odpowiednie kolory, kompozycja, ciekawy pomys\u0142 to podstawa by zrobi\u0107 wra\u017cenie na potencjalnym kliencie.<\/p>\n\n\t\t<\/div>\n\t<\/div>\n<\/div><\/div><\/div><\/div><\/div><\/div><\/div><\/div><div class=\"vc_row wpb_row vc_row-fluid\"><div class=\"wpb_column vc_column_container vc_col-sm-6\"><div class=\"vc_column-inner \"><div class=\"wpb_wrapper\">\n\t<div class=\"wpb_text_column wpb_content_element \" >\n\t\t<div class=\"wpb_wrapper\">\n\t\t\t<h3>Plakaty<\/h3>\n<p>Oferujemy Pa\u0144stwu zaprojektowanie plakat\u00f3w, kt\u00f3re wyr\u00f3\u017cni\u0105 si\u0119 na tle pozosta\u0142ych. W sprawie wyceny zapraszamy do kontaktu.<\/p>\n\n\t\t<\/div>\n\t<\/div>\n<\/div><\/div><\/div><div class=\"wpb_column vc_column_container vc_col-sm-6\"><div class=\"vc_column-inner \"><div class=\"wpb_wrapper\">\n\t<div class=\"wpb_text_column wpb_content_element \" >\n\t\t<div class=\"wpb_wrapper\">\n\t\t\t<h3>Ulotki<\/h3>\n<p>Wykonujemy projekty ulotek ka\u017cdych rodzaj\u00f3w. Powy\u017csza cena jest ca ulotk\u0119 formatu A5 dwustronnie.<\/p>\n\n\t\t<\/div>\n\t<\/div>\n<\/div><\/div><\/div><\/div><div class=\"vc_row wpb_row vc_row-fluid\"><div class=\"wpb_column vc_column_container vc_col-sm-6\"><div class=\"vc_column-inner \"><div class=\"wpb_wrapper\">\n\t<div class=\"wpb_text_column wpb_content_element \" >\n\t\t<div class=\"wpb_wrapper\">\n\t\t\t<h3>Foldery<\/h3>\n<p>Je\u015bli chcia\u0142e\u015b zaprezentowa\u0107 swoim klientom swoj\u0105 rozbudowan\u0105 ofert\u0119 to najlepszym wyj\u015bciem jest porz\u0105dny sk\u0142ad w postaci folder\/katalogu reklamowego.<\/p>\n\n\t\t<\/div>\n\t<\/div>\n<\/div><\/div><\/div><div class=\"wpb_column vc_column_container vc_col-sm-6\"><div class=\"vc_column-inner \"><div class=\"wpb_wrapper\">\n\t<div class=\"wpb_text_column wpb_content_element \" >\n\t\t<div class=\"wpb_wrapper\">\n\t\t\t<h3>Roll-up<\/h3>\n<p>Bardzo modnym, skutecznym i relatywnie niedrogim \u015brodkiem przekazu sta\u0142y si\u0119 roll-up&#8217;y. Te rozwijane plakaty du\u017cego formatu potrafi\u0105 przyci\u0105ga\u0107 uwag\u0119 ju\u017c z daleka. Dlatego s\u0105 nieod\u0142\u0105cznym elementem w ekspozycji przy stoiskach.<\/p>\n\n\t\t<\/div>\n\t<\/div>\n<\/div><\/div><\/div><\/div><div class=\"vc_row wpb_row vc_row-fluid\"><div class=\"wpb_column vc_column_container vc_col-sm-6\"><div class=\"vc_column-inner \"><div class=\"wpb_wrapper\">\n\t<div class=\"wpb_text_column wpb_content_element \" >\n\t\t<div class=\"wpb_wrapper\">\n\t\t\t<h3>Teczki<\/h3>\n<p>Projektujemy eleganckie teczki firmowe, kt\u00f3re s\u0105 sp\u00f3jnym elementem w identyfikacji wizualnej firmy i dzi\u0119ki kt\u00f3rych podniesiesz presti\u017c swojego przedsi\u0119biorstwa.<\/p>\n\n\t\t<\/div>\n\t<\/div>\n<\/div><\/div><\/div><div class=\"wpb_column vc_column_container vc_col-sm-6\"><div class=\"vc_column-inner \"><div class=\"wpb_wrapper\"><\/div><\/div><\/div><\/div>\n","protected":false},"excerpt":{"rendered":"Wyr\u00f3\u017cnij si\u0119 z t\u0142umu Profesjonalnym projektem Aby dotrze\u0107 do klienta 'zwyk\u0142\u0105' ulotka nie mo\u017ce by\u0107 ona zwyk\u0142a. Projektowanie ulotek, plakat\u00f3w wbrew pozorom jest zaj\u0119ciem trudnym. Spo\u015br\u00f3d ton ulotek, plakat\u00f3w zalewaj\u0105cych miasta bardzo wa\u017cne by wyr\u00f3\u017cni\u0107 si\u0119 spo\u015br\u00f3d tego t\u0142umu. Odpowiednie kolory, kompozycja, ciekawy pomys\u0142 to podstawa by zrobi\u0107 wra\u017cenie na potencjalnym kliencie. Plakaty Oferujemy Pa\u0144stwu [...]","protected":false},"author":1,"featured_media":0,"parent":33,"menu_order":5,"comment_status":"closed","ping_status":"closed","template":"","meta":[],"yoast_head":"<!-- This site is optimized with the Yoast SEO plugin v17.4 - https:\/\/yoast.com\/wordpress\/plugins\/seo\/ -->\n<title>Druk - projektowanie ulotek Pozna\u0144, plakat\u00f3w, wizyt\u00f3wek, teczek, baner\u00f3w<\/title>\n<meta name=\"description\" content=\"Projektujemy unikalne ulotki, plakaty, teczki, rollupy, banery w Poznaniu i Bydgoszczy. 100% unikalno\u015b\u0107 w atrakcyjnej cenie.\" \/>\n<meta name=\"robots\" content=\"index, follow, max-snippet:-1, max-image-preview:large, max-video-preview:-1\" \/>\n<link rel=\"canonical\" href=\"https:\/\/www.wedzinski.com\/pl\/oferta\/druk\/\" \/>\n<meta property=\"og:locale\" content=\"pl_PL\" \/>\n<meta property=\"og:type\" content=\"article\" \/>\n<meta property=\"og:title\" content=\"Druk - projektowanie ulotek Pozna\u0144, plakat\u00f3w, wizyt\u00f3wek, teczek, baner\u00f3w\" \/>\n<meta property=\"og:description\" content=\"Projektujemy unikalne ulotki, plakaty, teczki, rollupy, banery w Poznaniu i Bydgoszczy. 100% unikalno\u015b\u0107 w atrakcyjnej cenie.\" \/>\n<meta property=\"og:url\" content=\"https:\/\/www.wedzinski.com\/pl\/oferta\/druk\/\" \/>\n<meta property=\"og:site_name\" content=\"wedzinski.com\" \/>\n<meta property=\"article:modified_time\" content=\"2018-05-13T11:31:55+00:00\" \/>\n<meta property=\"og:image\" content=\"https:\/\/www.wedzinski.com\/wp-content\/uploads\/2017\/09\/mockupy2-kapral-teczka-1024x749.jpg\" \/>\n<meta name=\"twitter:card\" content=\"summary\" \/>\n<meta name=\"twitter:site\" content=\"@wedzinski_com\" \/>\n<meta name=\"twitter:label1\" content=\"Szacowany czas czytania\" \/>\n\t<meta name=\"twitter:data1\" content=\"2 minuty\" \/>\n<script type=\"application\/ld+json\" class=\"yoast-schema-graph\">{\"@context\":\"https:\/\/schema.org\",\"@graph\":[{\"@type\":\"WebSite\",\"@id\":\"https:\/\/www.wedzinski.com\/pl\/#website\",\"url\":\"https:\/\/www.wedzinski.com\/pl\/\",\"name\":\"wedzinski.com\",\"description\":\"Strony internetowe, sklepy, reklama, seo, pozycjonowanie\",\"potentialAction\":[{\"@type\":\"SearchAction\",\"target\":{\"@type\":\"EntryPoint\",\"urlTemplate\":\"https:\/\/www.wedzinski.com\/pl\/?s={search_term_string}\"},\"query-input\":\"required name=search_term_string\"}],\"inLanguage\":\"pl-PL\"},{\"@type\":\"ImageObject\",\"@id\":\"https:\/\/www.wedzinski.com\/pl\/oferta\/druk\/#primaryimage\",\"inLanguage\":\"pl-PL\",\"url\":\"https:\/\/www.wedzinski.com\/wp-content\/uploads\/2017\/09\/mockupy2-kapral-teczka.jpg\",\"contentUrl\":\"https:\/\/www.wedzinski.com\/wp-content\/uploads\/2017\/09\/mockupy2-kapral-teczka.jpg\",\"width\":1200,\"height\":878,\"caption\":\"Materia\\u0142y graficzne, teczka, wizyt\\u00f3wki dla firmy Kapral-Car\"},{\"@type\":\"WebPage\",\"@id\":\"https:\/\/www.wedzinski.com\/pl\/oferta\/druk\/#webpage\",\"url\":\"https:\/\/www.wedzinski.com\/pl\/oferta\/druk\/\",\"name\":\"Druk - projektowanie ulotek Pozna\\u0144, plakat\\u00f3w, wizyt\\u00f3wek, teczek, baner\\u00f3w\",\"isPartOf\":{\"@id\":\"https:\/\/www.wedzinski.com\/pl\/#website\"},\"primaryImageOfPage\":{\"@id\":\"https:\/\/www.wedzinski.com\/pl\/oferta\/druk\/#primaryimage\"},\"datePublished\":\"2017-04-30T16:51:11+00:00\",\"dateModified\":\"2018-05-13T11:31:55+00:00\",\"description\":\"Projektujemy unikalne ulotki, plakaty, teczki, rollupy, banery w Poznaniu i Bydgoszczy. 100% unikalno\\u015b\\u0107 w atrakcyjnej cenie.\",\"breadcrumb\":{\"@id\":\"https:\/\/www.wedzinski.com\/pl\/oferta\/druk\/#breadcrumb\"},\"inLanguage\":\"pl-PL\",\"potentialAction\":[{\"@type\":\"ReadAction\",\"target\":[\"https:\/\/www.wedzinski.com\/pl\/oferta\/druk\/\"]}]},{\"@type\":\"BreadcrumbList\",\"@id\":\"https:\/\/www.wedzinski.com\/pl\/oferta\/druk\/#breadcrumb\",\"itemListElement\":[{\"@type\":\"ListItem\",\"position\":1,\"name\":\"Strona g\\u0142\\u00f3wna\",\"item\":\"https:\/\/www.wedzinski.com\/pl\/\"},{\"@type\":\"ListItem\",\"position\":2,\"name\":\"Oferta\",\"item\":\"https:\/\/www.wedzinski.com\/pl\/oferta\/\"},{\"@type\":\"ListItem\",\"position\":3,\"name\":\"Druk\"}]}]}<\/script>\n<!-- \/ Yoast SEO plugin. -->","yoast_head_json":{"title":"Druk - projektowanie ulotek Pozna\u0144, plakat\u00f3w, wizyt\u00f3wek, teczek, baner\u00f3w","description":"Projektujemy unikalne ulotki, plakaty, teczki, rollupy, banery w Poznaniu i Bydgoszczy. 100% unikalno\u015b\u0107 w atrakcyjnej cenie.","robots":{"index":"index","follow":"follow","max-snippet":"max-snippet:-1","max-image-preview":"max-image-preview:large","max-video-preview":"max-video-preview:-1"},"canonical":"https:\/\/www.wedzinski.com\/pl\/oferta\/druk\/","og_locale":"pl_PL","og_type":"article","og_title":"Druk - projektowanie ulotek Pozna\u0144, plakat\u00f3w, wizyt\u00f3wek, teczek, baner\u00f3w","og_description":"Projektujemy unikalne ulotki, plakaty, teczki, rollupy, banery w Poznaniu i Bydgoszczy. 100% unikalno\u015b\u0107 w atrakcyjnej cenie.","og_url":"https:\/\/www.wedzinski.com\/pl\/oferta\/druk\/","og_site_name":"wedzinski.com","article_modified_time":"2018-05-13T11:31:55+00:00","og_image":[{"url":"https:\/\/www.wedzinski.com\/wp-content\/uploads\/2017\/09\/mockupy2-kapral-teczka-1024x749.jpg"}],"twitter_card":"summary","twitter_site":"@wedzinski_com","twitter_misc":{"Szacowany czas czytania":"2 minuty"},"schema":{"@context":"https:\/\/schema.org","@graph":[{"@type":"WebSite","@id":"https:\/\/www.wedzinski.com\/pl\/#website","url":"https:\/\/www.wedzinski.com\/pl\/","name":"wedzinski.com","description":"Strony internetowe, sklepy, reklama, seo, pozycjonowanie","potentialAction":[{"@type":"SearchAction","target":{"@type":"EntryPoint","urlTemplate":"https:\/\/www.wedzinski.com\/pl\/?s={search_term_string}"},"query-input":"required name=search_term_string"}],"inLanguage":"pl-PL"},{"@type":"ImageObject","@id":"https:\/\/www.wedzinski.com\/pl\/oferta\/druk\/#primaryimage","inLanguage":"pl-PL","url":"https:\/\/www.wedzinski.com\/wp-content\/uploads\/2017\/09\/mockupy2-kapral-teczka.jpg","contentUrl":"https:\/\/www.wedzinski.com\/wp-content\/uploads\/2017\/09\/mockupy2-kapral-teczka.jpg","width":1200,"height":878,"caption":"Materia\u0142y graficzne, teczka, wizyt\u00f3wki dla firmy Kapral-Car"},{"@type":"WebPage","@id":"https:\/\/www.wedzinski.com\/pl\/oferta\/druk\/#webpage","url":"https:\/\/www.wedzinski.com\/pl\/oferta\/druk\/","name":"Druk - projektowanie ulotek Pozna\u0144, plakat\u00f3w, wizyt\u00f3wek, teczek, baner\u00f3w","isPartOf":{"@id":"https:\/\/www.wedzinski.com\/pl\/#website"},"primaryImageOfPage":{"@id":"https:\/\/www.wedzinski.com\/pl\/oferta\/druk\/#primaryimage"},"datePublished":"2017-04-30T16:51:11+00:00","dateModified":"2018-05-13T11:31:55+00:00","description":"Projektujemy unikalne ulotki, plakaty, teczki, rollupy, banery w Poznaniu i Bydgoszczy. 100% unikalno\u015b\u0107 w atrakcyjnej cenie.","breadcrumb":{"@id":"https:\/\/www.wedzinski.com\/pl\/oferta\/druk\/#breadcrumb"},"inLanguage":"pl-PL","potentialAction":[{"@type":"ReadAction","target":["https:\/\/www.wedzinski.com\/pl\/oferta\/druk\/"]}]},{"@type":"BreadcrumbList","@id":"https:\/\/www.wedzinski.com\/pl\/oferta\/druk\/#breadcrumb","itemListElement":[{"@type":"ListItem","position":1,"name":"Strona g\u0142\u00f3wna","item":"https:\/\/www.wedzinski.com\/pl\/"},{"@type":"ListItem","position":2,"name":"Oferta","item":"https:\/\/www.wedzinski.com\/pl\/oferta\/"},{"@type":"ListItem","position":3,"name":"Druk"}]}]}},"_links":{"self":[{"href":"https:\/\/www.wedzinski.com\/pl\/wp-json\/wp\/v2\/pages\/85\/"}],"collection":[{"href":"https:\/\/www.wedzinski.com\/pl\/wp-json\/wp\/v2\/pages\/"}],"about":[{"href":"https:\/\/www.wedzinski.com\/pl\/wp-json\/wp\/v2\/types\/page\/"}],"author":[{"embeddable":true,"href":"https:\/\/www.wedzinski.com\/pl\/wp-json\/wp\/v2\/users\/1\/"}],"replies":[{"embeddable":true,"href":"https:\/\/www.wedzinski.com\/pl\/wp-json\/wp\/v2\/comments\/?post=85"}],"version-history":[{"count":11,"href":"https:\/\/www.wedzinski.com\/pl\/wp-json\/wp\/v2\/pages\/85\/revisions\/"}],"predecessor-version":[{"id":1159,"href":"https:\/\/www.wedzinski.com\/pl\/wp-json\/wp\/v2\/pages\/85\/revisions\/1159\/"}],"up":[{"embeddable":true,"href":"https:\/\/www.wedzinski.com\/pl\/wp-json\/wp\/v2\/pages\/33\/"}],"wp:attachment":[{"href":"https:\/\/www.wedzinski.com\/pl\/wp-json\/wp\/v2\/media\/?parent=85"}],"curies":[{"name":"wp","href":"https:\/\/api.w.org\/{rel}","templated":true}]}}