{"id":34,"date":"2017-04-29T15:09:56","date_gmt":"2017-04-29T15:09:56","guid":{"rendered":"http:\/\/wedzinski.com\/?page_id=34"},"modified":"2017-12-18T19:36:25","modified_gmt":"2017-12-18T19:36:25","slug":"realizacje","status":"publish","type":"page","link":"https:\/\/www.wedzinski.com\/pl\/realizacje\/","title":{"rendered":"Realizacje"},"content":{"rendered":"<style type=\"text\/css\">\r\n\t#foogallery-gallery-364 .fg-image {\r\n        width: 450px;\r\n    }\r\n<\/style>\r\n\t\t\t\t<div class=\"foogallery foogallery-container foogallery-default foogallery-lightbox-foobox fg-gutter-10 fg-center fg-default fg-light fg-round-small fg-loading-default fg-loaded-fade-in fg-hover-fade fg-hover-zoom fg-ready\" id=\"foogallery-gallery-364\" data-foogallery=\"{&quot;item&quot;:{&quot;showCaptionTitle&quot;:true,&quot;showCaptionDescription&quot;:false},&quot;lazy&quot;:true}\" >\r\n\t<div class=\"fg-item fg-type-image fg-idle\"><figure class=\"fg-item-inner\"><a href=\"https:\/\/www.wedzinski.com\/wp-content\/uploads\/2017\/09\/branding3-logo-mobivet.jpg\" data-caption-desc=\"Logo dla weterynarza MobiVet z Poznania\" data-attachment-id=\"460\" class=\"fg-thumb\"><span class=\"fg-image-wrap\"><img alt=\"Logo dla weterynarza MobiVet z Poznania\" width=\"450\" height=\"300\" class=\"skip-lazy fg-image\" data-no-lazy=\"1\" data-src-fg=\"https:\/\/www.wedzinski.com\/wp-content\/uploads\/cache\/2017\/09\/branding3-logo-mobivet\/2293863390.jpg\" src=\"data:image\/svg+xml,%3Csvg%20xmlns%3D%22http%3A%2F%2Fwww.w3.org%2F2000%2Fsvg%22%20width%3D%22450%22%20height%3D%22300%22%20viewBox%3D%220%200%20450%20300%22%3E%3C%2Fsvg%3E\"><\/span><span class=\"fg-image-overlay\"><\/span><\/a><figcaption class=\"fg-caption\"><div class=\"fg-caption-inner\"><\/div><\/figcaption><\/figure><div class=\"fg-loader\"><\/div><\/div><div class=\"fg-item fg-type-image fg-idle\"><figure class=\"fg-item-inner\"><a href=\"https:\/\/www.wedzinski.com\/wp-content\/uploads\/2017\/09\/mockup-kapralcar3.jpg\" data-caption-title=\"Responsywna, nowoczesna strona internetowa dla Stacji Demonta\u017cu Pojazd\u00f3w Kapral-Car (Barcin)\" data-caption-desc=\"Responsywna, nowoczesna strona internetowa dla Stacji Demonta\u017cu Pojazd\u00f3w Kapral-Car (Barcin)\" data-attachment-id=\"356\" class=\"fg-thumb\"><span class=\"fg-image-wrap\"><img alt=\"Responsywna, nowoczesna strona internetowa dla Stacji Demonta\u017cu Pojazd\u00f3w Kapral-Car (Barcin)\" title=\"Responsywna, nowoczesna strona internetowa dla Stacji Demonta\u017cu Pojazd\u00f3w Kapral-Car (Barcin)\" width=\"450\" height=\"300\" class=\"skip-lazy fg-image\" data-no-lazy=\"1\" data-src-fg=\"https:\/\/www.wedzinski.com\/wp-content\/uploads\/cache\/2017\/09\/mockup-kapralcar3\/1706784623.jpg\" src=\"data:image\/svg+xml,%3Csvg%20xmlns%3D%22http%3A%2F%2Fwww.w3.org%2F2000%2Fsvg%22%20width%3D%22450%22%20height%3D%22300%22%20viewBox%3D%220%200%20450%20300%22%3E%3C%2Fsvg%3E\"><\/span><span class=\"fg-image-overlay\"><\/span><\/a><figcaption class=\"fg-caption\"><div class=\"fg-caption-inner\"><div class=\"fg-caption-title\">Responsywna, nowoczesna strona internetowa dla Stacji Demonta\u017cu Pojazd\u00f3w Kapral-Car (Barcin)<\/div><\/div><\/figcaption><\/figure><div class=\"fg-loader\"><\/div><\/div><div class=\"fg-item fg-type-image fg-idle\"><figure class=\"fg-item-inner\"><a href=\"https:\/\/www.wedzinski.com\/wp-content\/uploads\/2017\/10\/mockupy2-tvkorbanek-min.jpg\" data-attachment-id=\"596\" class=\"fg-thumb\"><span class=\"fg-image-wrap\"><img alt=\"Logo dla internetowego kana\u0142u rolniczego KorbanekTV\" width=\"450\" height=\"300\" class=\"skip-lazy fg-image\" data-no-lazy=\"1\" data-src-fg=\"https:\/\/www.wedzinski.com\/wp-content\/uploads\/cache\/2017\/10\/mockupy2-tvkorbanek-min\/2019591200.jpg\" src=\"data:image\/svg+xml,%3Csvg%20xmlns%3D%22http%3A%2F%2Fwww.w3.org%2F2000%2Fsvg%22%20width%3D%22450%22%20height%3D%22300%22%20viewBox%3D%220%200%20450%20300%22%3E%3C%2Fsvg%3E\"><\/span><span class=\"fg-image-overlay\"><\/span><\/a><figcaption class=\"fg-caption\"><div class=\"fg-caption-inner\"><\/div><\/figcaption><\/figure><div class=\"fg-loader\"><\/div><\/div><div class=\"fg-item fg-type-image fg-idle\"><figure class=\"fg-item-inner\"><a href=\"https:\/\/www.wedzinski.com\/wp-content\/uploads\/2017\/09\/mockupy2-solidne-e1512929877709.jpg\" data-caption-title=\"Strona internetowa wraz z systemem CMS, wersj\u0105 responsywn\u0105 dla firmy SolidneBalustrady.pl z miejscowo\u015bci Pako\u015b\u0107\" data-attachment-id=\"363\" class=\"fg-thumb\"><span class=\"fg-image-wrap\"><img alt=\"Strona internetowa wraz z systemem CMS, wersj\u0105 responsywn\u0105 dla firmy SolidneBalustrady.pl z miejscowo\u015bci Pako\u015b\u0107\" title=\"Strona internetowa wraz z systemem CMS, wersj\u0105 responsywn\u0105 dla firmy SolidneBalustrady.pl z miejscowo\u015bci Pako\u015b\u0107\" width=\"450\" height=\"300\" class=\"skip-lazy fg-image\" data-no-lazy=\"1\" data-src-fg=\"https:\/\/www.wedzinski.com\/wp-content\/uploads\/cache\/2017\/09\/mockupy2-solidne-e1512929877709\/948667112.jpg\" src=\"data:image\/svg+xml,%3Csvg%20xmlns%3D%22http%3A%2F%2Fwww.w3.org%2F2000%2Fsvg%22%20width%3D%22450%22%20height%3D%22300%22%20viewBox%3D%220%200%20450%20300%22%3E%3C%2Fsvg%3E\"><\/span><span class=\"fg-image-overlay\"><\/span><\/a><figcaption class=\"fg-caption\"><div class=\"fg-caption-inner\"><div class=\"fg-caption-title\">Strona internetowa wraz z systemem CMS, wersj\u0105 responsywn\u0105 dla firmy SolidneBalustrady.pl z miejscowo\u015bci Pako\u015b\u0107<\/div><\/div><\/figcaption><\/figure><div class=\"fg-loader\"><\/div><\/div><div class=\"fg-item fg-type-image fg-idle\"><figure class=\"fg-item-inner\"><a href=\"https:\/\/www.wedzinski.com\/wp-content\/uploads\/2017\/10\/realizacje-logo-machtech.jpg\" data-caption-desc=\"Logo dla firmy handluj\u0105cej maszynami budowlanymi oraz cz\u0119\u015bciami z Warszawy\" data-attachment-id=\"454\" class=\"fg-thumb\"><span class=\"fg-image-wrap\"><img alt=\"Logo dla firmy handluj\u0105cej maszynami budowlanymi oraz cz\u0119\u015bciami z Warszawy\" width=\"450\" height=\"300\" class=\"skip-lazy fg-image\" data-no-lazy=\"1\" data-src-fg=\"https:\/\/www.wedzinski.com\/wp-content\/uploads\/cache\/2017\/10\/realizacje-logo-machtech\/1082347637.jpg\" src=\"data:image\/svg+xml,%3Csvg%20xmlns%3D%22http%3A%2F%2Fwww.w3.org%2F2000%2Fsvg%22%20width%3D%22450%22%20height%3D%22300%22%20viewBox%3D%220%200%20450%20300%22%3E%3C%2Fsvg%3E\"><\/span><span class=\"fg-image-overlay\"><\/span><\/a><figcaption class=\"fg-caption\"><div class=\"fg-caption-inner\"><\/div><\/figcaption><\/figure><div class=\"fg-loader\"><\/div><\/div><div class=\"fg-item fg-type-image fg-idle\"><figure class=\"fg-item-inner\"><a href=\"https:\/\/www.wedzinski.com\/wp-content\/uploads\/2017\/09\/mockupy2-kapral-teczka.jpg\" data-caption-title=\"Materia\u0142y graficzne, teczka, wizyt\u00f3wki dla firmy Kapral-Car\" data-attachment-id=\"360\" class=\"fg-thumb\"><span class=\"fg-image-wrap\"><img alt=\"Materia\u0142y graficzne, teczka, wizyt\u00f3wki dla firmy Kapral-Car\" title=\"Materia\u0142y graficzne, teczka, wizyt\u00f3wki dla firmy Kapral-Car\" width=\"450\" height=\"300\" class=\"skip-lazy fg-image\" data-no-lazy=\"1\" data-src-fg=\"https:\/\/www.wedzinski.com\/wp-content\/uploads\/cache\/2017\/09\/mockupy2-kapral-teczka\/3777054217.jpg\" src=\"data:image\/svg+xml,%3Csvg%20xmlns%3D%22http%3A%2F%2Fwww.w3.org%2F2000%2Fsvg%22%20width%3D%22450%22%20height%3D%22300%22%20viewBox%3D%220%200%20450%20300%22%3E%3C%2Fsvg%3E\"><\/span><span class=\"fg-image-overlay\"><\/span><\/a><figcaption class=\"fg-caption\"><div class=\"fg-caption-inner\"><div class=\"fg-caption-title\">Materia\u0142y graficzne, teczka, wizyt\u00f3wki dla firmy Kapral-Car<\/div><\/div><\/figcaption><\/figure><div class=\"fg-loader\"><\/div><\/div><div class=\"fg-item fg-type-image fg-idle\"><figure class=\"fg-item-inner\"><a href=\"https:\/\/www.wedzinski.com\/wp-content\/uploads\/2017\/10\/mockupy2-kapral-rebranding.jpg\" data-attachment-id=\"376\" class=\"fg-thumb\"><span class=\"fg-image-wrap\"><img alt=\"Rebranding logo firmy Kapral-Car z bran\u017cy motoryzacyjnej dzia\u0142aj\u0105cej lokalnie - Barcin, Bydgoszcz, Toru\u0144\" width=\"450\" height=\"300\" class=\"skip-lazy fg-image\" data-no-lazy=\"1\" data-src-fg=\"https:\/\/www.wedzinski.com\/wp-content\/uploads\/cache\/2017\/10\/mockupy2-kapral-rebranding\/1221990357.jpg\" src=\"data:image\/svg+xml,%3Csvg%20xmlns%3D%22http%3A%2F%2Fwww.w3.org%2F2000%2Fsvg%22%20width%3D%22450%22%20height%3D%22300%22%20viewBox%3D%220%200%20450%20300%22%3E%3C%2Fsvg%3E\"><\/span><span class=\"fg-image-overlay\"><\/span><\/a><figcaption class=\"fg-caption\"><div class=\"fg-caption-inner\"><\/div><\/figcaption><\/figure><div class=\"fg-loader\"><\/div><\/div><div class=\"fg-item fg-type-image fg-idle\"><figure class=\"fg-item-inner\"><a href=\"https:\/\/www.wedzinski.com\/wp-content\/uploads\/2017\/09\/mockupy2-sala2-1.jpg\" data-caption-title=\"Responsywna strona internetowa dla Sali Biesiadnej u Renaty z Pako\u015bci\" data-attachment-id=\"359\" class=\"fg-thumb\"><span class=\"fg-image-wrap\"><img alt=\"Responsywna strona internetowa dla Sali Biesiadnej u Renaty z Pako\u015bci\" title=\"Responsywna strona internetowa dla Sali Biesiadnej u Renaty z Pako\u015bci\" width=\"450\" height=\"300\" class=\"skip-lazy fg-image\" data-no-lazy=\"1\" data-src-fg=\"https:\/\/www.wedzinski.com\/wp-content\/uploads\/cache\/2017\/09\/mockupy2-sala2-1\/2189646391.jpg\" src=\"data:image\/svg+xml,%3Csvg%20xmlns%3D%22http%3A%2F%2Fwww.w3.org%2F2000%2Fsvg%22%20width%3D%22450%22%20height%3D%22300%22%20viewBox%3D%220%200%20450%20300%22%3E%3C%2Fsvg%3E\"><\/span><span class=\"fg-image-overlay\"><\/span><\/a><figcaption class=\"fg-caption\"><div class=\"fg-caption-inner\"><div class=\"fg-caption-title\">Responsywna strona internetowa dla Sali Biesiadnej u Renaty z Pako\u015bci<\/div><\/div><\/figcaption><\/figure><div class=\"fg-loader\"><\/div><\/div><div class=\"fg-item fg-type-image fg-idle\"><figure class=\"fg-item-inner\"><a href=\"https:\/\/www.wedzinski.com\/wp-content\/uploads\/2017\/09\/mockupy2-janrol2.jpg\" data-caption-title=\"Responsywna strona internetowa dla restauracji-pizzerii Piatto Bianco Ristorante z Poznania\" data-caption-desc=\"Responsywna strona internetowa dla restauracji-pizzerii Piatto Bianco Ristorante z Poznania\" data-attachment-id=\"357\" class=\"fg-thumb\"><span class=\"fg-image-wrap\"><img alt=\"Responsywna strona internetowa dla restauracji-pizzerii Piatto Bianco Ristorante z Poznania\" title=\"Responsywna strona internetowa dla restauracji-pizzerii Piatto Bianco Ristorante z Poznania\" width=\"450\" height=\"300\" class=\"skip-lazy fg-image\" data-no-lazy=\"1\" data-src-fg=\"https:\/\/www.wedzinski.com\/wp-content\/uploads\/cache\/2017\/09\/mockupy2-janrol2\/2737811737.jpg\" src=\"data:image\/svg+xml,%3Csvg%20xmlns%3D%22http%3A%2F%2Fwww.w3.org%2F2000%2Fsvg%22%20width%3D%22450%22%20height%3D%22300%22%20viewBox%3D%220%200%20450%20300%22%3E%3C%2Fsvg%3E\"><\/span><span class=\"fg-image-overlay\"><\/span><\/a><figcaption class=\"fg-caption\"><div class=\"fg-caption-inner\"><div class=\"fg-caption-title\">Responsywna strona internetowa dla restauracji-pizzerii Piatto Bianco Ristorante z Poznania<\/div><\/div><\/figcaption><\/figure><div class=\"fg-loader\"><\/div><\/div><div class=\"fg-item fg-type-image fg-idle\"><figure class=\"fg-item-inner\"><a href=\"https:\/\/www.wedzinski.com\/wp-content\/uploads\/2017\/10\/mockupy2-polaris-korbanek-min.jpg\" data-attachment-id=\"592\" class=\"fg-thumb\"><span class=\"fg-image-wrap\"><img alt=\"Logo \/ wlepka dla Polaris i Korbanek\" width=\"450\" height=\"300\" class=\"skip-lazy fg-image\" data-no-lazy=\"1\" data-src-fg=\"https:\/\/www.wedzinski.com\/wp-content\/uploads\/cache\/2017\/10\/mockupy2-polaris-korbanek-min\/4153114688.jpg\" src=\"data:image\/svg+xml,%3Csvg%20xmlns%3D%22http%3A%2F%2Fwww.w3.org%2F2000%2Fsvg%22%20width%3D%22450%22%20height%3D%22300%22%20viewBox%3D%220%200%20450%20300%22%3E%3C%2Fsvg%3E\"><\/span><span class=\"fg-image-overlay\"><\/span><\/a><figcaption class=\"fg-caption\"><div class=\"fg-caption-inner\"><\/div><\/figcaption><\/figure><div class=\"fg-loader\"><\/div><\/div><div class=\"fg-item fg-type-image fg-idle\"><figure class=\"fg-item-inner\"><a href=\"https:\/\/www.wedzinski.com\/wp-content\/uploads\/2017\/09\/mockupy2-kapral-peugeot.jpg\" data-caption-title=\"Projekt oklejenia Peugeota 206 dla firmy Kapral-Car\" data-caption-desc=\"Projekt oklejenia Peugeota 206 dla firmy Kapral-Car\" data-attachment-id=\"377\" class=\"fg-thumb\"><span class=\"fg-image-wrap\"><img alt=\"Projekt oklejenia Peugeota 206 dla firmy Kapral-Car\" title=\"Projekt oklejenia Peugeota 206 dla firmy Kapral-Car\" width=\"450\" height=\"300\" class=\"skip-lazy fg-image\" data-no-lazy=\"1\" data-src-fg=\"https:\/\/www.wedzinski.com\/wp-content\/uploads\/cache\/2017\/09\/mockupy2-kapral-peugeot\/3738779442.jpg\" src=\"data:image\/svg+xml,%3Csvg%20xmlns%3D%22http%3A%2F%2Fwww.w3.org%2F2000%2Fsvg%22%20width%3D%22450%22%20height%3D%22300%22%20viewBox%3D%220%200%20450%20300%22%3E%3C%2Fsvg%3E\"><\/span><span class=\"fg-image-overlay\"><\/span><\/a><figcaption class=\"fg-caption\"><div class=\"fg-caption-inner\"><div class=\"fg-caption-title\">Projekt oklejenia Peugeota 206 dla firmy Kapral-Car<\/div><\/div><\/figcaption><\/figure><div class=\"fg-loader\"><\/div><\/div><div class=\"fg-item fg-type-image fg-idle\"><figure class=\"fg-item-inner\"><a href=\"https:\/\/www.wedzinski.com\/wp-content\/uploads\/2017\/10\/mockupy2-innowia-min.jpg\" data-attachment-id=\"599\" class=\"fg-thumb\"><span class=\"fg-image-wrap\"><img alt=\"Logo dla Innowia Doradztwo Biznesowe z miasta Pozna\u0144\" width=\"450\" height=\"300\" class=\"skip-lazy fg-image\" data-no-lazy=\"1\" data-src-fg=\"https:\/\/www.wedzinski.com\/wp-content\/uploads\/cache\/2017\/10\/mockupy2-innowia-min\/2816901963.jpg\" src=\"data:image\/svg+xml,%3Csvg%20xmlns%3D%22http%3A%2F%2Fwww.w3.org%2F2000%2Fsvg%22%20width%3D%22450%22%20height%3D%22300%22%20viewBox%3D%220%200%20450%20300%22%3E%3C%2Fsvg%3E\"><\/span><span class=\"fg-image-overlay\"><\/span><\/a><figcaption class=\"fg-caption\"><div class=\"fg-caption-inner\"><\/div><\/figcaption><\/figure><div class=\"fg-loader\"><\/div><\/div><div class=\"fg-item fg-type-image fg-idle\"><figure class=\"fg-item-inner\"><a href=\"https:\/\/www.wedzinski.com\/wp-content\/uploads\/2017\/10\/sala-3.jpg\" data-caption-title=\"Fotografia wykonana dla Sali Biesiadnej u Renaty z miejscowo\u015bci Pako\u015b\u0107 ko\u0142o Inowroc\u0142awia\" data-caption-desc=\"Fotografia wykonana dla Sali Biesiadnej u Renaty z miejscowo\u015bci Pako\u015b\u0107 ko\u0142o Inowroc\u0142awia\" data-attachment-id=\"457\" class=\"fg-thumb\"><span class=\"fg-image-wrap\"><img alt=\"Fotografia wykonana dla Sali Biesiadnej u Renaty z miejscowo\u015bci Pako\u015b\u0107 ko\u0142o Inowroc\u0142awia\" title=\"Fotografia wykonana dla Sali Biesiadnej u Renaty z miejscowo\u015bci Pako\u015b\u0107 ko\u0142o Inowroc\u0142awia\" width=\"450\" height=\"300\" class=\"skip-lazy fg-image\" data-no-lazy=\"1\" data-src-fg=\"https:\/\/www.wedzinski.com\/wp-content\/uploads\/cache\/2017\/10\/sala-3\/4023396276.jpg\" src=\"data:image\/svg+xml,%3Csvg%20xmlns%3D%22http%3A%2F%2Fwww.w3.org%2F2000%2Fsvg%22%20width%3D%22450%22%20height%3D%22300%22%20viewBox%3D%220%200%20450%20300%22%3E%3C%2Fsvg%3E\"><\/span><span class=\"fg-image-overlay\"><\/span><\/a><figcaption class=\"fg-caption\"><div class=\"fg-caption-inner\"><div class=\"fg-caption-title\">Fotografia wykonana dla Sali Biesiadnej u Renaty z miejscowo\u015bci Pako\u015b\u0107 ko\u0142o Inowroc\u0142awia<\/div><\/div><\/figcaption><\/figure><div class=\"fg-loader\"><\/div><\/div><div class=\"fg-item fg-type-image fg-idle\"><figure class=\"fg-item-inner\"><a href=\"https:\/\/www.wedzinski.com\/wp-content\/uploads\/2017\/10\/mockupy2-danrental-min.jpg\" data-attachment-id=\"602\" class=\"fg-thumb\"><span class=\"fg-image-wrap\"><img alt=\"Logo dla firmy DanRental z Poznania zajmuj\u0105cej si\u0119 wynajmem podno\u015bnik\u00f3w\" width=\"450\" height=\"300\" class=\"skip-lazy fg-image\" data-no-lazy=\"1\" data-src-fg=\"https:\/\/www.wedzinski.com\/wp-content\/uploads\/cache\/2017\/10\/mockupy2-danrental-min\/3016002605.jpg\" src=\"data:image\/svg+xml,%3Csvg%20xmlns%3D%22http%3A%2F%2Fwww.w3.org%2F2000%2Fsvg%22%20width%3D%22450%22%20height%3D%22300%22%20viewBox%3D%220%200%20450%20300%22%3E%3C%2Fsvg%3E\"><\/span><span class=\"fg-image-overlay\"><\/span><\/a><figcaption class=\"fg-caption\"><div class=\"fg-caption-inner\"><\/div><\/figcaption><\/figure><div class=\"fg-loader\"><\/div><\/div><div class=\"fg-item fg-type-image fg-idle\"><figure class=\"fg-item-inner\"><a href=\"https:\/\/www.wedzinski.com\/wp-content\/uploads\/2017\/09\/mockup2-pshlif.jpg\" data-caption-title=\"Strona internetowa na CMS Joomla wraz z wersj\u0105 mobiln\u0105 strony dla Polskiego Stowarzyszenia Homeopat\u00f3w Lekarzy i Farmaceut\u00f3w z Poznania\" data-attachment-id=\"362\" class=\"fg-thumb\"><span class=\"fg-image-wrap\"><img alt=\"Strona internetowa na CMS Joomla wraz z wersj\u0105 mobiln\u0105 strony dla Polskiego Stowarzyszenia Homeopat\u00f3w Lekarzy i Farmaceut\u00f3w z Poznania\" title=\"Strona internetowa na CMS Joomla wraz z wersj\u0105 mobiln\u0105 strony dla Polskiego Stowarzyszenia Homeopat\u00f3w Lekarzy i Farmaceut\u00f3w z Poznania\" width=\"450\" height=\"300\" class=\"skip-lazy fg-image\" data-no-lazy=\"1\" data-src-fg=\"https:\/\/www.wedzinski.com\/wp-content\/uploads\/cache\/2017\/09\/mockup2-pshlif\/1493350645.jpg\" src=\"data:image\/svg+xml,%3Csvg%20xmlns%3D%22http%3A%2F%2Fwww.w3.org%2F2000%2Fsvg%22%20width%3D%22450%22%20height%3D%22300%22%20viewBox%3D%220%200%20450%20300%22%3E%3C%2Fsvg%3E\"><\/span><span class=\"fg-image-overlay\"><\/span><\/a><figcaption class=\"fg-caption\"><div class=\"fg-caption-inner\"><div class=\"fg-caption-title\">Strona internetowa na CMS Joomla wraz z wersj\u0105 mobiln\u0105 strony dla Polskiego Stowarzyszenia Homeopat\u00f3w Lekarzy i Farmaceut\u00f3w z Poznania<\/div><\/div><\/figcaption><\/figure><div class=\"fg-loader\"><\/div><\/div><\/div>\r\n\n","protected":false},"excerpt":{"rendered":"#foogallery-gallery-364_1 .fg-image { width: 450px; } Responsywna, nowoczesna strona internetowa dla Stacji Demonta\u017cu Pojazd\u00f3w Kapral-Car (Barcin)Strona internetowa wraz z systemem CMS, wersj\u0105 responsywn\u0105 dla firmy SolidneBalustrady.pl z miejscowo\u015bci Pako\u015b\u0107Materia\u0142y graficzne, teczka, wizyt\u00f3wki dla firmy Kapral-CarResponsywna strona internetowa dla Sali Biesiadnej u Renaty z Pako\u015bciResponsywna strona internetowa dla restauracji-pizzerii Piatto Bianco Ristorante z PoznaniaProjekt oklejenia Peugeota [...]","protected":false},"author":1,"featured_media":0,"parent":0,"menu_order":3,"comment_status":"closed","ping_status":"closed","template":"","meta":[],"yoast_head":"<!-- This site is optimized with the Yoast SEO plugin v17.4 - https:\/\/yoast.com\/wordpress\/plugins\/seo\/ -->\n<title>Realizacje - stron internetowych, logo, plakat\u00f3w, teczek, sklep\u00f3w www<\/title>\n<meta name=\"description\" content=\"Sprawd\u017a nasze najnowsze realizacje - na pewno Ci\u0119 przekonaj\u0105 wykonane przez nas strony internetowe, identyfikacje wizualne, logo, teczki, banery i inne\" \/>\n<meta name=\"robots\" content=\"index, follow, max-snippet:-1, max-image-preview:large, max-video-preview:-1\" \/>\n<link rel=\"canonical\" href=\"https:\/\/www.wedzinski.com\/pl\/realizacje\/\" \/>\n<meta property=\"og:locale\" content=\"pl_PL\" \/>\n<meta property=\"og:type\" content=\"article\" \/>\n<meta property=\"og:title\" content=\"Realizacje - stron internetowych, logo, plakat\u00f3w, teczek, sklep\u00f3w www\" \/>\n<meta property=\"og:description\" content=\"Sprawd\u017a nasze najnowsze realizacje - na pewno Ci\u0119 przekonaj\u0105 wykonane przez nas strony internetowe, identyfikacje wizualne, logo, teczki, banery i inne\" \/>\n<meta property=\"og:url\" content=\"https:\/\/www.wedzinski.com\/pl\/realizacje\/\" \/>\n<meta property=\"og:site_name\" content=\"wedzinski.com\" \/>\n<meta property=\"article:modified_time\" content=\"2017-12-18T19:36:25+00:00\" \/>\n<meta name=\"twitter:card\" content=\"summary\" \/>\n<meta name=\"twitter:site\" content=\"@wedzinski_com\" \/>\n<script type=\"application\/ld+json\" class=\"yoast-schema-graph\">{\"@context\":\"https:\/\/schema.org\",\"@graph\":[{\"@type\":\"WebSite\",\"@id\":\"https:\/\/www.wedzinski.com\/pl\/#website\",\"url\":\"https:\/\/www.wedzinski.com\/pl\/\",\"name\":\"wedzinski.com\",\"description\":\"Strony internetowe, sklepy, reklama, seo, pozycjonowanie\",\"potentialAction\":[{\"@type\":\"SearchAction\",\"target\":{\"@type\":\"EntryPoint\",\"urlTemplate\":\"https:\/\/www.wedzinski.com\/pl\/?s={search_term_string}\"},\"query-input\":\"required name=search_term_string\"}],\"inLanguage\":\"pl-PL\"},{\"@type\":\"WebPage\",\"@id\":\"https:\/\/www.wedzinski.com\/pl\/realizacje\/#webpage\",\"url\":\"https:\/\/www.wedzinski.com\/pl\/realizacje\/\",\"name\":\"Realizacje - stron internetowych, logo, plakat\\u00f3w, teczek, sklep\\u00f3w www\",\"isPartOf\":{\"@id\":\"https:\/\/www.wedzinski.com\/pl\/#website\"},\"datePublished\":\"2017-04-29T15:09:56+00:00\",\"dateModified\":\"2017-12-18T19:36:25+00:00\",\"description\":\"Sprawd\\u017a nasze najnowsze realizacje - na pewno Ci\\u0119 przekonaj\\u0105 wykonane przez nas strony internetowe, identyfikacje wizualne, logo, teczki, banery i inne\",\"breadcrumb\":{\"@id\":\"https:\/\/www.wedzinski.com\/pl\/realizacje\/#breadcrumb\"},\"inLanguage\":\"pl-PL\",\"potentialAction\":[{\"@type\":\"ReadAction\",\"target\":[\"https:\/\/www.wedzinski.com\/pl\/realizacje\/\"]}]},{\"@type\":\"BreadcrumbList\",\"@id\":\"https:\/\/www.wedzinski.com\/pl\/realizacje\/#breadcrumb\",\"itemListElement\":[{\"@type\":\"ListItem\",\"position\":1,\"name\":\"Strona g\\u0142\\u00f3wna\",\"item\":\"https:\/\/www.wedzinski.com\/pl\/\"},{\"@type\":\"ListItem\",\"position\":2,\"name\":\"Realizacje\"}]}]}<\/script>\n<!-- \/ Yoast SEO plugin. -->","yoast_head_json":{"title":"Realizacje - stron internetowych, logo, plakat\u00f3w, teczek, sklep\u00f3w www","description":"Sprawd\u017a nasze najnowsze realizacje - na pewno Ci\u0119 przekonaj\u0105 wykonane przez nas strony internetowe, identyfikacje wizualne, logo, teczki, banery i inne","robots":{"index":"index","follow":"follow","max-snippet":"max-snippet:-1","max-image-preview":"max-image-preview:large","max-video-preview":"max-video-preview:-1"},"canonical":"https:\/\/www.wedzinski.com\/pl\/realizacje\/","og_locale":"pl_PL","og_type":"article","og_title":"Realizacje - stron internetowych, logo, plakat\u00f3w, teczek, sklep\u00f3w www","og_description":"Sprawd\u017a nasze najnowsze realizacje - na pewno Ci\u0119 przekonaj\u0105 wykonane przez nas strony internetowe, identyfikacje wizualne, logo, teczki, banery i inne","og_url":"https:\/\/www.wedzinski.com\/pl\/realizacje\/","og_site_name":"wedzinski.com","article_modified_time":"2017-12-18T19:36:25+00:00","twitter_card":"summary","twitter_site":"@wedzinski_com","schema":{"@context":"https:\/\/schema.org","@graph":[{"@type":"WebSite","@id":"https:\/\/www.wedzinski.com\/pl\/#website","url":"https:\/\/www.wedzinski.com\/pl\/","name":"wedzinski.com","description":"Strony internetowe, sklepy, reklama, seo, pozycjonowanie","potentialAction":[{"@type":"SearchAction","target":{"@type":"EntryPoint","urlTemplate":"https:\/\/www.wedzinski.com\/pl\/?s={search_term_string}"},"query-input":"required name=search_term_string"}],"inLanguage":"pl-PL"},{"@type":"WebPage","@id":"https:\/\/www.wedzinski.com\/pl\/realizacje\/#webpage","url":"https:\/\/www.wedzinski.com\/pl\/realizacje\/","name":"Realizacje - stron internetowych, logo, plakat\u00f3w, teczek, sklep\u00f3w www","isPartOf":{"@id":"https:\/\/www.wedzinski.com\/pl\/#website"},"datePublished":"2017-04-29T15:09:56+00:00","dateModified":"2017-12-18T19:36:25+00:00","description":"Sprawd\u017a nasze najnowsze realizacje - na pewno Ci\u0119 przekonaj\u0105 wykonane przez nas strony internetowe, identyfikacje wizualne, logo, teczki, banery i inne","breadcrumb":{"@id":"https:\/\/www.wedzinski.com\/pl\/realizacje\/#breadcrumb"},"inLanguage":"pl-PL","potentialAction":[{"@type":"ReadAction","target":["https:\/\/www.wedzinski.com\/pl\/realizacje\/"]}]},{"@type":"BreadcrumbList","@id":"https:\/\/www.wedzinski.com\/pl\/realizacje\/#breadcrumb","itemListElement":[{"@type":"ListItem","position":1,"name":"Strona g\u0142\u00f3wna","item":"https:\/\/www.wedzinski.com\/pl\/"},{"@type":"ListItem","position":2,"name":"Realizacje"}]}]}},"_links":{"self":[{"href":"https:\/\/www.wedzinski.com\/pl\/wp-json\/wp\/v2\/pages\/34\/"}],"collection":[{"href":"https:\/\/www.wedzinski.com\/pl\/wp-json\/wp\/v2\/pages\/"}],"about":[{"href":"https:\/\/www.wedzinski.com\/pl\/wp-json\/wp\/v2\/types\/page\/"}],"author":[{"embeddable":true,"href":"https:\/\/www.wedzinski.com\/pl\/wp-json\/wp\/v2\/users\/1\/"}],"replies":[{"embeddable":true,"href":"https:\/\/www.wedzinski.com\/pl\/wp-json\/wp\/v2\/comments\/?post=34"}],"version-history":[{"count":2,"href":"https:\/\/www.wedzinski.com\/pl\/wp-json\/wp\/v2\/pages\/34\/revisions\/"}],"predecessor-version":[{"id":365,"href":"https:\/\/www.wedzinski.com\/pl\/wp-json\/wp\/v2\/pages\/34\/revisions\/365\/"}],"wp:attachment":[{"href":"https:\/\/www.wedzinski.com\/pl\/wp-json\/wp\/v2\/media\/?parent=34"}],"curies":[{"name":"wp","href":"https:\/\/api.w.org\/{rel}","templated":true}]}}