{"id":103,"date":"2017-04-30T18:12:38","date_gmt":"2017-04-30T18:12:38","guid":{"rendered":"http:\/\/wedzinski.com\/?page_id=103"},"modified":"2018-02-07T16:44:59","modified_gmt":"2018-02-07T16:44:59","slug":"tanie-strony-internetowe","status":"publish","type":"page","link":"https:\/\/www.wedzinski.com\/pl\/oferta\/strony-internetowe\/tanie-strony-internetowe\/","title":{"rendered":"Tanie strony internetowe"},"content":{"rendered":"<h2>Tania strona internetowa &#8211; jak za\u0142o\u017cy\u0107 tak\u0105 stron\u0119?<\/h2>\n<p>Czy stworzenie taniej strony internetowej jest mo\u017cliwe? Oczywi\u015bcie, \u017ce jest mo\u017cliwe chocia\u017c nale\u017cy si\u0119 pogodzi\u0107 z pewnymi ograniczeniami takich rozwi\u0105za\u0144.<\/p>\n<p>\u017beby strona internetowa by\u0142a tania musi korzysta\u0107 z mo\u017cliwie wielu gotowych rozwi\u0105za\u0144 takich jak og\u00f3lnodost\u0119pny, darmowy system CMS. Najpopularniejsze systemy CMS to WordPress i Joomla mo\u017cna je pobra\u0107 ze stron wordpress.org i joomla.org<\/p>\n<p>Maj\u0105c zainstalowany system trzeba znale\u017a\u0107 darmowy szablon graficzny, kt\u00f3ry instalujemy w systemie i pozostaje nam ju\u017c tylko uzupe\u0142ni\u0107 system tre\u015bci\u0105.<\/p>\n<h2>Wady tanich stron internetowych<\/h2>\n<p>Problem z tanim podej\u015bciem jest taki, \u017ce darmowe szablony bardzo rzadko spe\u0142niaj\u0105 nasze wymagania funkcjonalne. W ko\u0144cu ka\u017cdy biznes jest troch\u0119 inny, a nawet spo\u015br\u00f3d bran\u017cy firmy chc\u0105 si\u0119 wyr\u00f3\u017cni\u0107.<\/p>\n","protected":false},"excerpt":{"rendered":"<p>Tania strona internetowa &#8211; jak za\u0142o\u017cy\u0107 tak\u0105 stron\u0119? Czy stworzenie taniej strony internetowej jest mo\u017cliwe? Oczywi\u015bcie, \u017ce jest mo\u017cliwe chocia\u017c nale\u017cy si\u0119 pogodzi\u0107 z pewnymi ograniczeniami takich rozwi\u0105za\u0144. \u017beby strona internetowa by\u0142a tania musi korzysta\u0107 z mo\u017cliwie wielu gotowych rozwi\u0105za\u0144 takich jak og\u00f3lnodost\u0119pny, darmowy system CMS. Najpopularniejsze systemy CMS to WordPress i Joomla mo\u017cna je [&hellip;]<\/p>\n","protected":false},"author":1,"featured_media":0,"parent":80,"menu_order":6,"comment_status":"closed","ping_status":"closed","template":"","meta":[],"yoast_head":"<!-- This site is optimized with the Yoast SEO plugin v17.4 - https:\/\/yoast.com\/wordpress\/plugins\/seo\/ -->\n<title>Tanie strony internetowe - wedzinski.com<\/title>\n<meta name=\"robots\" content=\"index, follow, max-snippet:-1, max-image-preview:large, max-video-preview:-1\" \/>\n<link rel=\"canonical\" href=\"https:\/\/www.wedzinski.com\/pl\/oferta\/strony-internetowe\/tanie-strony-internetowe\/\" \/>\n<meta property=\"og:locale\" content=\"pl_PL\" \/>\n<meta property=\"og:type\" content=\"article\" \/>\n<meta property=\"og:title\" content=\"Tanie strony internetowe - wedzinski.com\" \/>\n<meta property=\"og:description\" content=\"Tania strona internetowa &#8211; jak za\u0142o\u017cy\u0107 tak\u0105 stron\u0119? Czy stworzenie taniej strony internetowej jest mo\u017cliwe? Oczywi\u015bcie, \u017ce jest mo\u017cliwe chocia\u017c nale\u017cy si\u0119 pogodzi\u0107 z pewnymi ograniczeniami takich rozwi\u0105za\u0144. \u017beby strona internetowa by\u0142a tania musi korzysta\u0107 z mo\u017cliwie wielu gotowych rozwi\u0105za\u0144 takich jak og\u00f3lnodost\u0119pny, darmowy system CMS. Najpopularniejsze systemy CMS to WordPress i Joomla mo\u017cna je [&hellip;]\" \/>\n<meta property=\"og:url\" content=\"https:\/\/www.wedzinski.com\/pl\/oferta\/strony-internetowe\/tanie-strony-internetowe\/\" \/>\n<meta property=\"og:site_name\" content=\"wedzinski.com\" \/>\n<meta property=\"article:modified_time\" content=\"2018-02-07T16:44:59+00:00\" \/>\n<meta name=\"twitter:card\" content=\"summary\" \/>\n<meta name=\"twitter:site\" content=\"@wedzinski_com\" \/>\n<meta name=\"twitter:label1\" content=\"Szacowany czas czytania\" \/>\n\t<meta name=\"twitter:data1\" content=\"1 minuta\" \/>\n<script type=\"application\/ld+json\" class=\"yoast-schema-graph\">{\"@context\":\"https:\/\/schema.org\",\"@graph\":[{\"@type\":\"WebSite\",\"@id\":\"https:\/\/www.wedzinski.com\/pl\/#website\",\"url\":\"https:\/\/www.wedzinski.com\/pl\/\",\"name\":\"wedzinski.com\",\"description\":\"Strony internetowe, sklepy, reklama, seo, pozycjonowanie\",\"potentialAction\":[{\"@type\":\"SearchAction\",\"target\":{\"@type\":\"EntryPoint\",\"urlTemplate\":\"https:\/\/www.wedzinski.com\/pl\/?s={search_term_string}\"},\"query-input\":\"required name=search_term_string\"}],\"inLanguage\":\"pl-PL\"},{\"@type\":\"WebPage\",\"@id\":\"https:\/\/www.wedzinski.com\/pl\/oferta\/strony-internetowe\/tanie-strony-internetowe\/#webpage\",\"url\":\"https:\/\/www.wedzinski.com\/pl\/oferta\/strony-internetowe\/tanie-strony-internetowe\/\",\"name\":\"Tanie strony internetowe - wedzinski.com\",\"isPartOf\":{\"@id\":\"https:\/\/www.wedzinski.com\/pl\/#website\"},\"datePublished\":\"2017-04-30T18:12:38+00:00\",\"dateModified\":\"2018-02-07T16:44:59+00:00\",\"breadcrumb\":{\"@id\":\"https:\/\/www.wedzinski.com\/pl\/oferta\/strony-internetowe\/tanie-strony-internetowe\/#breadcrumb\"},\"inLanguage\":\"pl-PL\",\"potentialAction\":[{\"@type\":\"ReadAction\",\"target\":[\"https:\/\/www.wedzinski.com\/pl\/oferta\/strony-internetowe\/tanie-strony-internetowe\/\"]}]},{\"@type\":\"BreadcrumbList\",\"@id\":\"https:\/\/www.wedzinski.com\/pl\/oferta\/strony-internetowe\/tanie-strony-internetowe\/#breadcrumb\",\"itemListElement\":[{\"@type\":\"ListItem\",\"position\":1,\"name\":\"Strona g\\u0142\\u00f3wna\",\"item\":\"https:\/\/www.wedzinski.com\/pl\/\"},{\"@type\":\"ListItem\",\"position\":2,\"name\":\"Oferta\",\"item\":\"https:\/\/www.wedzinski.com\/pl\/oferta\/\"},{\"@type\":\"ListItem\",\"position\":3,\"name\":\"Strony internetowe\",\"item\":\"https:\/\/www.wedzinski.com\/pl\/oferta\/strony-internetowe\/\"},{\"@type\":\"ListItem\",\"position\":4,\"name\":\"Tanie strony internetowe\"}]}]}<\/script>\n<!-- \/ Yoast SEO plugin. -->","yoast_head_json":{"title":"Tanie strony internetowe - wedzinski.com","robots":{"index":"index","follow":"follow","max-snippet":"max-snippet:-1","max-image-preview":"max-image-preview:large","max-video-preview":"max-video-preview:-1"},"canonical":"https:\/\/www.wedzinski.com\/pl\/oferta\/strony-internetowe\/tanie-strony-internetowe\/","og_locale":"pl_PL","og_type":"article","og_title":"Tanie strony internetowe - wedzinski.com","og_description":"Tania strona internetowa &#8211; jak za\u0142o\u017cy\u0107 tak\u0105 stron\u0119? Czy stworzenie taniej strony internetowej jest mo\u017cliwe? Oczywi\u015bcie, \u017ce jest mo\u017cliwe chocia\u017c nale\u017cy si\u0119 pogodzi\u0107 z pewnymi ograniczeniami takich rozwi\u0105za\u0144. \u017beby strona internetowa by\u0142a tania musi korzysta\u0107 z mo\u017cliwie wielu gotowych rozwi\u0105za\u0144 takich jak og\u00f3lnodost\u0119pny, darmowy system CMS. Najpopularniejsze systemy CMS to WordPress i Joomla mo\u017cna je [&hellip;]","og_url":"https:\/\/www.wedzinski.com\/pl\/oferta\/strony-internetowe\/tanie-strony-internetowe\/","og_site_name":"wedzinski.com","article_modified_time":"2018-02-07T16:44:59+00:00","twitter_card":"summary","twitter_site":"@wedzinski_com","twitter_misc":{"Szacowany czas czytania":"1 minuta"},"schema":{"@context":"https:\/\/schema.org","@graph":[{"@type":"WebSite","@id":"https:\/\/www.wedzinski.com\/pl\/#website","url":"https:\/\/www.wedzinski.com\/pl\/","name":"wedzinski.com","description":"Strony internetowe, sklepy, reklama, seo, pozycjonowanie","potentialAction":[{"@type":"SearchAction","target":{"@type":"EntryPoint","urlTemplate":"https:\/\/www.wedzinski.com\/pl\/?s={search_term_string}"},"query-input":"required name=search_term_string"}],"inLanguage":"pl-PL"},{"@type":"WebPage","@id":"https:\/\/www.wedzinski.com\/pl\/oferta\/strony-internetowe\/tanie-strony-internetowe\/#webpage","url":"https:\/\/www.wedzinski.com\/pl\/oferta\/strony-internetowe\/tanie-strony-internetowe\/","name":"Tanie strony internetowe - wedzinski.com","isPartOf":{"@id":"https:\/\/www.wedzinski.com\/pl\/#website"},"datePublished":"2017-04-30T18:12:38+00:00","dateModified":"2018-02-07T16:44:59+00:00","breadcrumb":{"@id":"https:\/\/www.wedzinski.com\/pl\/oferta\/strony-internetowe\/tanie-strony-internetowe\/#breadcrumb"},"inLanguage":"pl-PL","potentialAction":[{"@type":"ReadAction","target":["https:\/\/www.wedzinski.com\/pl\/oferta\/strony-internetowe\/tanie-strony-internetowe\/"]}]},{"@type":"BreadcrumbList","@id":"https:\/\/www.wedzinski.com\/pl\/oferta\/strony-internetowe\/tanie-strony-internetowe\/#breadcrumb","itemListElement":[{"@type":"ListItem","position":1,"name":"Strona g\u0142\u00f3wna","item":"https:\/\/www.wedzinski.com\/pl\/"},{"@type":"ListItem","position":2,"name":"Oferta","item":"https:\/\/www.wedzinski.com\/pl\/oferta\/"},{"@type":"ListItem","position":3,"name":"Strony internetowe","item":"https:\/\/www.wedzinski.com\/pl\/oferta\/strony-internetowe\/"},{"@type":"ListItem","position":4,"name":"Tanie strony internetowe"}]}]}},"_links":{"self":[{"href":"https:\/\/www.wedzinski.com\/pl\/wp-json\/wp\/v2\/pages\/103\/"}],"collection":[{"href":"https:\/\/www.wedzinski.com\/pl\/wp-json\/wp\/v2\/pages\/"}],"about":[{"href":"https:\/\/www.wedzinski.com\/pl\/wp-json\/wp\/v2\/types\/page\/"}],"author":[{"embeddable":true,"href":"https:\/\/www.wedzinski.com\/pl\/wp-json\/wp\/v2\/users\/1\/"}],"replies":[{"embeddable":true,"href":"https:\/\/www.wedzinski.com\/pl\/wp-json\/wp\/v2\/comments\/?post=103"}],"version-history":[{"count":2,"href":"https:\/\/www.wedzinski.com\/pl\/wp-json\/wp\/v2\/pages\/103\/revisions\/"}],"predecessor-version":[{"id":952,"href":"https:\/\/www.wedzinski.com\/pl\/wp-json\/wp\/v2\/pages\/103\/revisions\/952\/"}],"up":[{"embeddable":true,"href":"https:\/\/www.wedzinski.com\/pl\/wp-json\/wp\/v2\/pages\/80\/"}],"wp:attachment":[{"href":"https:\/\/www.wedzinski.com\/pl\/wp-json\/wp\/v2\/media\/?parent=103"}],"curies":[{"name":"wp","href":"https:\/\/api.w.org\/{rel}","templated":true}]}}